{"id":8,"date":"2024-04-13T11:06:05","date_gmt":"2024-04-13T14:06:05","guid":{"rendered":"https:\/\/brzadvogados.com.br\/?page_id=8"},"modified":"2024-07-29T15:04:19","modified_gmt":"2024-07-29T18:04:19","slug":"home","status":"publish","type":"page","link":"https:\/\/brzadvogados.com.br\/en\/","title":{"rendered":"Home"},"content":{"rendered":"<p>At BRZ Advogados we believe in personalized legal services, which lead to long-term relationships. Our partners and professionals provide legal advice to clients ranging from traditional companies to startups.<\/p>\n<p>We focus on innovation and process simplification to optimize costs, maximize efficiency, and drive results.<\/p>","protected":false},"excerpt":{"rendered":"<p>Our practice of law is modern and attentive to the developments of an ever-changing market<\/p>\n","protected":false},"author":1,"featured_media":0,"parent":0,"menu_order":8,"comment_status":"closed","ping_status":"closed","template":"index.php","meta":{"_acf_changed":false,"footnotes":""},"class_list":["post-8","page","type-page","status-publish","hentry"],"acf":[],"yoast_head":"<!-- This site is optimized with the Yoast SEO plugin v24.4 - https:\/\/yoast.com\/wordpress\/plugins\/seo\/ -->\n<title>Home - BRZ Advogados<\/title>\n<meta name=\"robots\" content=\"index, follow, max-snippet:-1, max-image-preview:large, max-video-preview:-1\" \/>\n<link rel=\"canonical\" href=\"https:\/\/brzadvogados.com.br\/\" \/>\n<meta property=\"og:locale\" content=\"en_US\" \/>\n<meta property=\"og:type\" content=\"article\" \/>\n<meta property=\"og:title\" content=\"Home - BRZ Advogados\" \/>\n<meta property=\"og:description\" content=\"[:pb]ATUA\u00c7\u00c3O MODERNA E ATENTA \u00c0S MUDAN\u00c7AS DE UM MERCADO EM CONSTANTE TRANSFORMA\u00c7\u00c3O[:en]Our practice of law is modern and attentive to the developments of an ever-changing market[:]\" \/>\n<meta property=\"og:url\" content=\"https:\/\/brzadvogados.com.br\/\" \/>\n<meta property=\"og:site_name\" content=\"BRZ Advogados\" \/>\n<meta property=\"article:modified_time\" content=\"2024-07-29T18:04:19+00:00\" \/>\n<meta name=\"twitter:card\" content=\"summary_large_image\" \/>\n<meta name=\"twitter:label1\" content=\"Est. reading time\" \/>\n\t<meta name=\"twitter:data1\" content=\"1 minute\" \/>\n<script type=\"application\/ld+json\" class=\"yoast-schema-graph\">{\"@context\":\"https:\/\/schema.org\",\"@graph\":[{\"@type\":\"WebPage\",\"@id\":\"https:\/\/brzadvogados.com.br\/\",\"url\":\"https:\/\/brzadvogados.com.br\/\",\"name\":\"Home - BRZ Advogados\",\"isPartOf\":{\"@id\":\"https:\/\/brzadvogados.com.br\/#website\"},\"datePublished\":\"2024-04-13T14:06:05+00:00\",\"dateModified\":\"2024-07-29T18:04:19+00:00\",\"breadcrumb\":{\"@id\":\"https:\/\/brzadvogados.com.br\/#breadcrumb\"},\"inLanguage\":\"en-US\",\"potentialAction\":[{\"@type\":\"ReadAction\",\"target\":[\"https:\/\/brzadvogados.com.br\/\"]}]},{\"@type\":\"BreadcrumbList\",\"@id\":\"https:\/\/brzadvogados.com.br\/#breadcrumb\",\"itemListElement\":[{\"@type\":\"ListItem\",\"position\":1,\"name\":\"In\u00edcio\",\"item\":\"https:\/\/brzadvogados.com.br\/\"},{\"@type\":\"ListItem\",\"position\":2,\"name\":\"Home\"}]},{\"@type\":\"WebSite\",\"@id\":\"https:\/\/brzadvogados.com.br\/#website\",\"url\":\"https:\/\/brzadvogados.com.br\/\",\"name\":\"BRZ Advogados\",\"description\":\"\",\"potentialAction\":[{\"@type\":\"SearchAction\",\"target\":{\"@type\":\"EntryPoint\",\"urlTemplate\":\"https:\/\/brzadvogados.com.br\/?s={search_term_string}\"},\"query-input\":{\"@type\":\"PropertyValueSpecification\",\"valueRequired\":true,\"valueName\":\"search_term_string\"}}],\"inLanguage\":\"en-US\"}]}<\/script>\n<!-- \/ Yoast SEO plugin. -->","yoast_head_json":{"title":"Home - BRZ Advogados","robots":{"index":"index","follow":"follow","max-snippet":"max-snippet:-1","max-image-preview":"max-image-preview:large","max-video-preview":"max-video-preview:-1"},"canonical":"https:\/\/brzadvogados.com.br\/","og_locale":"en_US","og_type":"article","og_title":"Home - BRZ Advogados","og_description":"[:pb]ATUA\u00c7\u00c3O MODERNA E ATENTA \u00c0S MUDAN\u00c7AS DE UM MERCADO EM CONSTANTE TRANSFORMA\u00c7\u00c3O[:en]Our practice of law is modern and attentive to the developments of an ever-changing market[:]","og_url":"https:\/\/brzadvogados.com.br\/","og_site_name":"BRZ Advogados","article_modified_time":"2024-07-29T18:04:19+00:00","twitter_card":"summary_large_image","twitter_misc":{"Est. reading time":"1 minute"},"schema":{"@context":"https:\/\/schema.org","@graph":[{"@type":"WebPage","@id":"https:\/\/brzadvogados.com.br\/","url":"https:\/\/brzadvogados.com.br\/","name":"Home - BRZ Advogados","isPartOf":{"@id":"https:\/\/brzadvogados.com.br\/#website"},"datePublished":"2024-04-13T14:06:05+00:00","dateModified":"2024-07-29T18:04:19+00:00","breadcrumb":{"@id":"https:\/\/brzadvogados.com.br\/#breadcrumb"},"inLanguage":"en-US","potentialAction":[{"@type":"ReadAction","target":["https:\/\/brzadvogados.com.br\/"]}]},{"@type":"BreadcrumbList","@id":"https:\/\/brzadvogados.com.br\/#breadcrumb","itemListElement":[{"@type":"ListItem","position":1,"name":"In\u00edcio","item":"https:\/\/brzadvogados.com.br\/"},{"@type":"ListItem","position":2,"name":"Home"}]},{"@type":"WebSite","@id":"https:\/\/brzadvogados.com.br\/#website","url":"https:\/\/brzadvogados.com.br\/","name":"BRZ Advogados","description":"","potentialAction":[{"@type":"SearchAction","target":{"@type":"EntryPoint","urlTemplate":"https:\/\/brzadvogados.com.br\/?s={search_term_string}"},"query-input":{"@type":"PropertyValueSpecification","valueRequired":true,"valueName":"search_term_string"}}],"inLanguage":"en-US"}]}},"_links":{"self":[{"href":"https:\/\/brzadvogados.com.br\/en\/wp-json\/wp\/v2\/pages\/8"}],"collection":[{"href":"https:\/\/brzadvogados.com.br\/en\/wp-json\/wp\/v2\/pages"}],"about":[{"href":"https:\/\/brzadvogados.com.br\/en\/wp-json\/wp\/v2\/types\/page"}],"author":[{"embeddable":true,"href":"https:\/\/brzadvogados.com.br\/en\/wp-json\/wp\/v2\/users\/1"}],"replies":[{"embeddable":true,"href":"https:\/\/brzadvogados.com.br\/en\/wp-json\/wp\/v2\/comments?post=8"}],"version-history":[{"count":3,"href":"https:\/\/brzadvogados.com.br\/en\/wp-json\/wp\/v2\/pages\/8\/revisions"}],"predecessor-version":[{"id":838,"href":"https:\/\/brzadvogados.com.br\/en\/wp-json\/wp\/v2\/pages\/8\/revisions\/838"}],"wp:attachment":[{"href":"https:\/\/brzadvogados.com.br\/en\/wp-json\/wp\/v2\/media?parent=8"}],"curies":[{"name":"wp","href":"https:\/\/api.w.org\/{rel}","templated":true}]}}